   {"id":95,"date":"2013-07-31T10:26:40","date_gmt":"2013-07-31T08:26:40","guid":{"rendered":"https:\/\/annasegreto.com\/?page_id=95"},"modified":"2018-08-30T12:40:21","modified_gmt":"2018-08-30T10:40:21","slug":"laboratorio-tessile-artigianato-tipico-sardo","status":"publish","type":"page","link":"https:\/\/annasegreto.com\/fr\/laboratorio-tessile-artigianato-tipico-sardo\/","title":{"rendered":"Showroom"},"content":{"rendered":"[vc_row][vc_column][vc_column_text][\/vc_column_text][\/vc_column][\/vc_row][vc_row][vc_column][vc_row_inner visibility=&#8221;hidden-sm&#8221;][vc_column_inner][vc_column_text]<script data-cfasync=\"false\" type=\"text\/javascript\">var lsjQuery = jQuery;<\/script><script data-cfasync=\"false\" type=\"text\/javascript\"> lsjQuery(document).ready(function() { if(typeof lsjQuery.fn.layerSlider == \"undefined\") { lsShowNotice('layerslider_3_3','jquery'); } else { lsjQuery(\"#layerslider_3_3\").layerSlider({startInViewport: false, twoWaySlideshow: true, skin: 'borderlesslight3d', globalBGColor: 'transparent', navStartStop: false, hoverBottomNav: true, lazyLoad: false, yourLogoStyle: 'left: 10px; top: 10px;', cbInit: function(element) { }, cbStart: function(data) { }, cbStop: function(data) { }, cbPause: function(data) { }, cbAnimStart: function(data) { }, cbAnimStop: function(data) { }, cbPrev: function(data) { }, cbNext: function(data) { }, skinsPath: 'https:\/\/annasegreto.com\/wp-content\/plugins\/LayerSlider\/static\/skins\/'}) } }); <\/script><div id=\"layerslider_3_3\" class=\"ls-wp-container\" style=\"width:1140px;height:500px;margin:0 auto;margin-bottom: 0px;\"><div class=\"ls-slide\" data-ls=\"transition2d:5;\"><img src=\"https:\/\/annasegreto.com\/wp-content\/uploads\/2013\/07\/Laboratorio-tessile-Anna-Segreto2.jpg\" class=\"ls-bg\" alt=\"Slide background\" \/><\/div><div class=\"ls-slide\" data-ls=\" transition2d: all;\"><img src=\"https:\/\/annasegreto.com\/wp-content\/uploads\/2014\/02\/Tappeto-grande-sardo-darredo.jpg\" class=\"ls-bg\" alt=\"Slide background\" \/><\/div><div class=\"ls-slide\" data-ls=\" transition2d: all;\"><img src=\"https:\/\/annasegreto.com\/wp-content\/uploads\/2013\/10\/prova_slide.jpg\" class=\"ls-bg\" alt=\"Slide background\" \/><\/div><div class=\"ls-slide\" data-ls=\" transition2d: all;\"><img src=\"https:\/\/annasegreto.com\/wp-content\/uploads\/2018\/08\/Gazebo-per-esposizione-mobili-Anna-Segreto-sardegna.jpg\" class=\"ls-bg\" alt=\"Gazebo-per-esposizione-mobili-Anna-Segreto-sardegna\" \/><\/div><div class=\"ls-slide\" data-ls=\" transition2d: all;\"><img src=\"https:\/\/annasegreto.com\/wp-content\/uploads\/2014\/02\/Arredamento-sardo-esercizi-commerciali.jpg\" class=\"ls-bg\" alt=\"Slide background\" \/><\/div><\/div>[\/vc_column_text][\/vc_column_inner][\/vc_row_inner][vc_empty_space height=&#8221;42px&#8221;][vc_row_inner][vc_column_inner width=&#8221;1\/2&#8243;][vc_custom_heading text=&#8221;L&#8217;artisanat textile sarde de Anna Segreto est le r\u00e9sultat de l&#8217;exp\u00e9rience d&#8217;une artisane passionn\u00e9e du m\u00e9tiers \u00e0 tisser &#8221; font_container=&#8221;tag:h2|font_size:20px|text_align:left|color:%23893c2d&#8221; google_fonts=&#8221;font_family:Open%20Sans%3A300%2C300italic%2Cregular%2Citalic%2C600%2C600italic%2C700%2C700italic%2C800%2C800italic|font_style:400%20regular%3A400%3Anormal&#8221;][vc_column_text]qui a voulu proposer \u00e0 nouveau sus ouvrages textiles, laine,coton et lin qu&#8217;un temps ils \u00e9taient destin\u00e9s seulement \u00e0 une forme d&#8217;artisanat domestique. La production s&#8217;inspire au pass\u00e9 en respectant les anciennes traditions avec le but de sauvegarder et valoriser un art si ancien et pr\u00e9cieux aussi pendant le tissage. On dessine avec l&#8217;ancienne technique \u201cau pipionis\u201d (en relief) ou avec la technique \u201clitzus\u201d (dessins plats) sur le lin, coton et laine avec plusieurs dessins anciens et modernes. Avec ces tissus on r\u00e9alise tous les v\u00eatements classiques du trousseau: soit les nappes et les serviettes que les tentes et les centres de la table.[\/vc_column_text][\/vc_column_inner][vc_column_inner width=&#8221;1\/2&#8243;][vc_column_text]Souvent les motifs au pipionis sont enrichis avec le gigliuccio, avec le punto quadro,avec le simple ajour ou \u00e0 colonnette et avec les motifs au point ancien. Pour conf\u00e9rer luminosit\u00e9 et romantisme aux objets on utilise la broderie et des dentelles au crochet \u00e9labor\u00e9s de mani\u00e8re \u00e9l\u00e9gante et raffin\u00e9 mais aussi en s&#8217;inspirant aux techniques et motifs anciens du tissage. Ils peuvent \u00eatre admir\u00e9s dans les show-room de Villamassargia et Villasimius, o\u00f9 il est possible aussi admirer meubles et compl\u00e9ments de la d\u00e9coration pour int\u00e9rieurs et ext\u00e9rieurs ameublements. Les vanneaux stylis\u00e9s qui \u00e9taient sur les anciennes coffres, aujourd&#8217;hui ils se trouvent sur les meubles, sur verre, lampes, tapisseries gr\u00e2ce \u00e0 l&#8217;imagination et aux mains habiles d&#8217;Anna Segreto qu&#8217;\u00e0 six ans en utilisant l&#8217;imagination, elle observait la voisine engag\u00e9e dans le tissage<strong>.<\/strong>[\/vc_column_text][\/vc_column_inner][\/vc_row_inner][mk_padding_divider size=&#8221;30&#8243;][mk_gallery title=&#8221;Nuovo gazebo esterno &#8211; esposizione mobili e oggetti d&#8217;arredamento&#8221; images=&#8221;2694,2690,2692,2693,2695,2691&#8243; height=&#8221;400&#8243; item_spacing=&#8221;6&#8243; frame_style=&#8221;gray_border&#8221; orderby=&#8221;post__in&#8221; item_id=&#8221;1535624546-5b87c562d447c&#8221;][\/vc_column][\/vc_row][vc_row][vc_column][vc_column_text][\/vc_column_text][\/vc_column][\/vc_row]","protected":false},"excerpt":{"rendered":"<p>[vc_row][vc_column][vc_column_text][\/vc_column_text][\/vc_column][\/vc_row][vc_row][vc_column][vc_row_inner visibility=&#8221;hidden-sm&#8221;][vc_column_inner][vc_column_text][\/vc_column_text][\/vc_column_inner][\/vc_row_inner][vc_empty_space height=&#8221;42px&#8221;][vc_row_inner][vc_column_inner width=&#8221;1\/2&#8243;][vc_custom_heading text=&#8221;L&#8217;artisanat textile sarde de Anna Segreto est le r\u00e9sultat de l&#8217;exp\u00e9rience d&#8217;une artisane passionn\u00e9e du m\u00e9tiers \u00e0 tisser &#8221; font_container=&#8221;tag:h2|font_size:20px|text_align:left|color:%23893c2d&#8221; google_fonts=&#8221;font_family:Open%20Sans%3A300%2C300italic%2Cregular%2Citalic%2C600%2C600italic%2C700%2C700italic%2C800%2C800italic|font_style:400%20regular%3A400%3Anormal&#8221;][vc_column_text]qui a voulu proposer \u00e0 nouveau sus ouvrages textiles, laine,coton et lin qu&#8217;un temps ils \u00e9taient destin\u00e9s seulement \u00e0 une forme d&#8217;artisanat domestique. La production s&#8217;inspire au pass\u00e9 en respectant les [&hellip;]<\/p>\n","protected":false},"author":1,"featured_media":0,"parent":0,"menu_order":6,"comment_status":"closed","ping_status":"closed","template":"","meta":[],"yoast_head":"<!-- This site is optimized with the Yoast SEO plugin v16.8 - https:\/\/yoast.com\/wordpress\/plugins\/seo\/ -->\n<title>Anna Segreto Villasimius - Artigianato tessile sardo<\/title>\n<meta name=\"description\" content=\"Produciamo e vendiamo direttamente oggetti del miglior artigianato tessile sardo Tutti i nostri prodotti sono pezzi unici fatti a mano nei nostri laboratori\" \/>\n<meta name=\"robots\" content=\"index, follow, max-snippet:-1, max-image-preview:large, max-video-preview:-1\" \/>\n<link rel=\"canonical\" href=\"https:\/\/annasegreto.com\/en\/laboratorio-tessile-artigianato-tipico-sardo\/\" \/>\n<meta property=\"og:locale\" content=\"fr_FR\" \/>\n<meta property=\"og:type\" content=\"article\" \/>\n<meta property=\"og:title\" content=\"Anna Segreto Villasimius - Artigianato tessile sardo\" \/>\n<meta property=\"og:description\" content=\"Produciamo e vendiamo direttamente oggetti del miglior artigianato tessile sardo Tutti i nostri prodotti sono pezzi unici fatti a mano nei nostri laboratori\" \/>\n<meta property=\"og:url\" content=\"https:\/\/annasegreto.com\/en\/laboratorio-tessile-artigianato-tipico-sardo\/\" \/>\n<meta property=\"og:site_name\" content=\"Annasegreto\" \/>\n<meta property=\"article:modified_time\" content=\"2018-08-30T10:40:21+00:00\" \/>\n<meta name=\"twitter:label1\" content=\"Dur\u00e9e de lecture est.\" \/>\n\t<meta name=\"twitter:data1\" content=\"6 minutes\" \/>\n<script type=\"application\/ld+json\" class=\"yoast-schema-graph\">{\"@context\":\"https:\/\/schema.org\",\"@graph\":[{\"@type\":\"WebSite\",\"@id\":\"https:\/\/annasegreto.com\/it\/#website\",\"url\":\"https:\/\/annasegreto.com\/it\/\",\"name\":\"Annasegreto\",\"description\":\"artiginato tessile sardo\",\"potentialAction\":[{\"@type\":\"SearchAction\",\"target\":{\"@type\":\"EntryPoint\",\"urlTemplate\":\"https:\/\/annasegreto.com\/it\/?s={search_term_string}\"},\"query-input\":\"required name=search_term_string\"}],\"inLanguage\":\"fr-FR\"},{\"@type\":\"WebPage\",\"@id\":\"https:\/\/annasegreto.com\/en\/laboratorio-tessile-artigianato-tipico-sardo\/#webpage\",\"url\":\"https:\/\/annasegreto.com\/en\/laboratorio-tessile-artigianato-tipico-sardo\/\",\"name\":\"Anna Segreto Villasimius - Artigianato tessile sardo\",\"isPartOf\":{\"@id\":\"https:\/\/annasegreto.com\/it\/#website\"},\"datePublished\":\"2013-07-31T08:26:40+00:00\",\"dateModified\":\"2018-08-30T10:40:21+00:00\",\"description\":\"Produciamo e vendiamo direttamente oggetti del miglior artigianato tessile sardo Tutti i nostri prodotti sono pezzi unici fatti a mano nei nostri laboratori\",\"breadcrumb\":{\"@id\":\"https:\/\/annasegreto.com\/en\/laboratorio-tessile-artigianato-tipico-sardo\/#breadcrumb\"},\"inLanguage\":\"fr-FR\",\"potentialAction\":[{\"@type\":\"ReadAction\",\"target\":[\"https:\/\/annasegreto.com\/en\/laboratorio-tessile-artigianato-tipico-sardo\/\"]}]},{\"@type\":\"BreadcrumbList\",\"@id\":\"https:\/\/annasegreto.com\/en\/laboratorio-tessile-artigianato-tipico-sardo\/#breadcrumb\",\"itemListElement\":[{\"@type\":\"ListItem\",\"position\":1,\"name\":\"Home\",\"item\":\"https:\/\/annasegreto.com\/it\/\"},{\"@type\":\"ListItem\",\"position\":2,\"name\":\"Showroom\"}]}]}<\/script>\n<!-- \/ Yoast SEO plugin. -->","yoast_head_json":{"title":"Anna Segreto Villasimius - Artigianato tessile sardo","description":"Produciamo e vendiamo direttamente oggetti del miglior artigianato tessile sardo Tutti i nostri prodotti sono pezzi unici fatti a mano nei nostri laboratori","robots":{"index":"index","follow":"follow","max-snippet":"max-snippet:-1","max-image-preview":"max-image-preview:large","max-video-preview":"max-video-preview:-1"},"canonical":"https:\/\/annasegreto.com\/en\/laboratorio-tessile-artigianato-tipico-sardo\/","og_locale":"fr_FR","og_type":"article","og_title":"Anna Segreto Villasimius - Artigianato tessile sardo","og_description":"Produciamo e vendiamo direttamente oggetti del miglior artigianato tessile sardo Tutti i nostri prodotti sono pezzi unici fatti a mano nei nostri laboratori","og_url":"https:\/\/annasegreto.com\/en\/laboratorio-tessile-artigianato-tipico-sardo\/","og_site_name":"Annasegreto","article_modified_time":"2018-08-30T10:40:21+00:00","twitter_misc":{"Dur\u00e9e de lecture est.":"6 minutes"},"schema":{"@context":"https:\/\/schema.org","@graph":[{"@type":"WebSite","@id":"https:\/\/annasegreto.com\/it\/#website","url":"https:\/\/annasegreto.com\/it\/","name":"Annasegreto","description":"artiginato tessile sardo","potentialAction":[{"@type":"SearchAction","target":{"@type":"EntryPoint","urlTemplate":"https:\/\/annasegreto.com\/it\/?s={search_term_string}"},"query-input":"required name=search_term_string"}],"inLanguage":"fr-FR"},{"@type":"WebPage","@id":"https:\/\/annasegreto.com\/en\/laboratorio-tessile-artigianato-tipico-sardo\/#webpage","url":"https:\/\/annasegreto.com\/en\/laboratorio-tessile-artigianato-tipico-sardo\/","name":"Anna Segreto Villasimius - Artigianato tessile sardo","isPartOf":{"@id":"https:\/\/annasegreto.com\/it\/#website"},"datePublished":"2013-07-31T08:26:40+00:00","dateModified":"2018-08-30T10:40:21+00:00","description":"Produciamo e vendiamo direttamente oggetti del miglior artigianato tessile sardo Tutti i nostri prodotti sono pezzi unici fatti a mano nei nostri laboratori","breadcrumb":{"@id":"https:\/\/annasegreto.com\/en\/laboratorio-tessile-artigianato-tipico-sardo\/#breadcrumb"},"inLanguage":"fr-FR","potentialAction":[{"@type":"ReadAction","target":["https:\/\/annasegreto.com\/en\/laboratorio-tessile-artigianato-tipico-sardo\/"]}]},{"@type":"BreadcrumbList","@id":"https:\/\/annasegreto.com\/en\/laboratorio-tessile-artigianato-tipico-sardo\/#breadcrumb","itemListElement":[{"@type":"ListItem","position":1,"name":"Home","item":"https:\/\/annasegreto.com\/it\/"},{"@type":"ListItem","position":2,"name":"Showroom"}]}]}},"_links":{"self":[{"href":"https:\/\/annasegreto.com\/fr\/wp-json\/wp\/v2\/pages\/95"}],"collection":[{"href":"https:\/\/annasegreto.com\/fr\/wp-json\/wp\/v2\/pages"}],"about":[{"href":"https:\/\/annasegreto.com\/fr\/wp-json\/wp\/v2\/types\/page"}],"author":[{"embeddable":true,"href":"https:\/\/annasegreto.com\/fr\/wp-json\/wp\/v2\/users\/1"}],"replies":[{"embeddable":true,"href":"https:\/\/annasegreto.com\/fr\/wp-json\/wp\/v2\/comments?post=95"}],"version-history":[{"count":54,"href":"https:\/\/annasegreto.com\/fr\/wp-json\/wp\/v2\/pages\/95\/revisions"}],"predecessor-version":[{"id":2701,"href":"https:\/\/annasegreto.com\/fr\/wp-json\/wp\/v2\/pages\/95\/revisions\/2701"}],"wp:attachment":[{"href":"https:\/\/annasegreto.com\/fr\/wp-json\/wp\/v2\/media?parent=95"}],"curies":[{"name":"wp","href":"https:\/\/api.w.org\/{rel}","templated":true}]}}