{"id":64,"date":"2013-07-31T09:28:37","date_gmt":"2013-07-31T07:28:37","guid":{"rendered":"https:\/\/annasegreto.com\/?page_id=64"},"modified":"2021-04-13T09:39:40","modified_gmt":"2021-04-13T07:39:40","slug":"artigianato-tessile-della-sardegna","status":"publish","type":"page","link":"https:\/\/annasegreto.com\/fr\/artigianato-tessile-della-sardegna\/","title":{"rendered":"Acc\u00e8s"},"content":{"rendered":"[vc_row][vc_column][vc_column_text][\/vc_column_text][\/vc_column][\/vc_row][vc_row][vc_column][vc_column_text]<iframe loading=\"lazy\" style=\"border: 0;\" src=\"https:\/\/www.google.com\/maps\/embed?pb=!1m14!1m8!1m3!1d12378.274459955124!2d9.522676299999999!3d39.13904689999998!3m2!1i1024!2i768!4f13.1!3m3!1m2!1s0x0%3A0xc43d0ded610876a1!2sAnna%20Segreto!5e0!3m2!1sit!2sit!4v1617872449591!5m2!1sit!2sit\" width=\"1100\" height=\"550\" allowfullscreen=\"allowfullscreen\"><\/iframe>[\/vc_column_text][vc_empty_space height=&#8221;20px&#8221;][vc_row_inner][vc_column_inner css=&#8221;.vc_custom_1437057196511{padding-top: 10px !important;background-image: url(https:\/\/annasegreto.com\/wp-content\/uploads\/2013\/07\/patternrosso.png?id=2402) !important;background-position: 0 0 !important;background-repeat: repeat !important;}&#8221;][vc_column_text]\n<p style=\"color: #fff; font-size: 23px; font-family: Alegreya;\">Expositions et ateliers sont situ\u00e9s dans Anna Segreto Villasimius dans le sud de la Sardaigne.<\/p>\n[\/vc_column_text][\/vc_column_inner][\/vc_row_inner][vc_empty_space height=&#8221;20px&#8221;][vc_row_inner][vc_column_inner width=&#8221;1\/4&#8243;][vc_column_text font_family=&#8221;none&#8221; text_size=&#8221;17&#8243; width=&#8221;1\/4&#8243; el_position=&#8221;first&#8221;]\n<h4 style=\"color: #814d01;\">\u00a0Showroom<\/h4>\n<h5 style=\"color: #814d01;\">Villasimius<\/h5>\n<p>Via del Mare 51 <span style=\"line-height: 1.5;\">09049 Villasimius (CA) <\/span>Tel. 070 791300 Fax 070 8876445<\/p>\n<h5 style=\"color: #814d01;\"><\/h5>\n[\/vc_column_text][\/vc_column_inner][vc_column_inner width=&#8221;1\/4&#8243;][vc_column_text]\n<p style=\"color: #772d20; font-size: 18px;\">Pour avoir des renseignements ou pour r\u00e9server des produits, appelle-nous ou<br \/>\nt\u00e9l\u00e9phone-nous en remplissant le form et nous vous r\u00e9pondrons volontiers.<\/p>\n[\/vc_column_text][\/vc_column_inner][vc_column_inner width=&#8221;1\/2&#8243;]<div role=\"form\" class=\"wpcf7\" id=\"wpcf7-f2543-o3\" lang=\"it-IT\" dir=\"ltr\">\n<div class=\"screen-reader-response\"><p role=\"status\" aria-live=\"polite\" aria-atomic=\"true\"><\/p> <ul><\/ul><\/div>\n<form action=\"\/fr\/wp-json\/wp\/v2\/pages\/64#wpcf7-f2543-o3\" method=\"post\" class=\"wpcf7-form init wpcf7-acceptance-as-validation\" novalidate=\"novalidate\" data-status=\"init\">\n<div style=\"display: none;\">\n<input type=\"hidden\" name=\"_wpcf7\" value=\"2543\" \/>\n<input type=\"hidden\" name=\"_wpcf7_version\" value=\"5.4.2\" \/>\n<input type=\"hidden\" name=\"_wpcf7_locale\" value=\"it_IT\" \/>\n<input type=\"hidden\" name=\"_wpcf7_unit_tag\" value=\"wpcf7-f2543-o3\" \/>\n<input type=\"hidden\" name=\"_wpcf7_container_post\" value=\"0\" \/>\n<input type=\"hidden\" name=\"_wpcf7_posted_data_hash\" value=\"\" \/>\n<input type=\"hidden\" name=\"_wpcf7_recaptcha_response\" value=\"\" \/>\n<\/div>\n<p>email (richiesto)<br \/>\n    <span class=\"wpcf7-form-control-wrap email-pers\"><input type=\"email\" name=\"email-pers\" value=\"\" size=\"40\" class=\"wpcf7-form-control wpcf7-text wpcf7-email wpcf7-validates-as-required wpcf7-validates-as-email\" aria-required=\"true\" aria-invalid=\"false\" \/><\/span><\/p>\n<p>Nom (richiesto)<br \/>\n    <span class=\"wpcf7-form-control-wrap Nome-Pers\"><input type=\"text\" name=\"Nome-Pers\" value=\"\" size=\"40\" class=\"wpcf7-form-control wpcf7-text wpcf7-validates-as-required\" aria-required=\"true\" aria-invalid=\"false\" \/><\/span><br \/>\nVotre nom<br \/>\n    <span class=\"wpcf7-form-control-wrap Rich-inf\"><textarea name=\"Rich-inf\" cols=\"40\" rows=\"10\" class=\"wpcf7-form-control wpcf7-textarea wpcf7-validates-as-required\" aria-required=\"true\" aria-invalid=\"false\"><\/textarea><\/span> <\/p>\n<p class=\"privacy\"><span class=\"wpcf7-form-control-wrap privacy\"><span class=\"wpcf7-form-control wpcf7-acceptance\"><span class=\"wpcf7-list-item\"><input type=\"checkbox\" name=\"privacy\" value=\"1\" aria-invalid=\"false\" \/><\/span><\/span><\/span> J'autorise le traitement des donn\u00e9es <a style=\"color:#AADBF1;\" href=\"\/normativa-privacy\/\" target=\"_blank\" rel=\"nofollow\">la l\u00e9gislation sur la vie priv\u00e9e<\/a> (requis)<\/p>\n<span class=\"wpcf7-form-control-wrap recaptcha\"><span data-sitekey=\"6Lf_dmMcAAAAAFm78XUrGvpJzZNqWt-9OvbVgpM8\" class=\"wpcf7-form-control g-recaptcha wpcf7-recaptcha\"><\/span>\r\n<noscript>\r\n\t<div class=\"grecaptcha-noscript\">\r\n\t\t<iframe src=\"https:\/\/www.google.com\/recaptcha\/api\/fallback?k=6Lf_dmMcAAAAAFm78XUrGvpJzZNqWt-9OvbVgpM8\" frameborder=\"0\" scrolling=\"no\" width=\"310\" height=\"430\">\r\n\t\t<\/iframe>\r\n\t\t<textarea name=\"g-recaptcha-response\" rows=\"3\" cols=\"40\" placeholder=\"reCaptcha Response Here\">\r\n\t\t<\/textarea>\r\n\t<\/div>\r\n<\/noscript>\r\n<\/span>\n<p><input type=\"submit\" value=\"Envoyer\" class=\"wpcf7-form-control wpcf7-submit\" \/><\/p>\n<div class=\"wpcf7-response-output\" aria-hidden=\"true\"><\/div><\/form><\/div>[\/vc_column_inner][\/vc_row_inner][\/vc_column][\/vc_row][vc_row][vc_column][vc_column_text][\/vc_column_text][\/vc_column][\/vc_row][vc_row][vc_column][\/vc_column][\/vc_row]","protected":false},"excerpt":{"rendered":"<p>[vc_row][vc_column][vc_column_text][\/vc_column_text][\/vc_column][\/vc_row][vc_row][vc_column][vc_column_text][\/vc_column_text][vc_empty_space height=&#8221;20px&#8221;][vc_row_inner][vc_column_inner css=&#8221;.vc_custom_1437057196511{padding-top: 10px !important;background-image: url(https:\/\/annasegreto.com\/wp-content\/uploads\/2013\/07\/patternrosso.png?id=2402) !important;background-position: 0 0 !important;background-repeat: repeat !important;}&#8221;][vc_column_text] Expositions et ateliers sont situ\u00e9s dans Anna Segreto Villasimius dans le sud de la Sardaigne. [\/vc_column_text][\/vc_column_inner][\/vc_row_inner][vc_empty_space height=&#8221;20px&#8221;][vc_row_inner][vc_column_inner width=&#8221;1\/4&#8243;][vc_column_text font_family=&#8221;none&#8221; text_size=&#8221;17&#8243; width=&#8221;1\/4&#8243; el_position=&#8221;first&#8221;] \u00a0Showroom Villasimius Via del Mare 51 09049 Villasimius (CA) Tel. 070 791300 Fax 070 8876445 [\/vc_column_text][\/vc_column_inner][vc_column_inner width=&#8221;1\/4&#8243;][vc_column_text] Pour avoir des renseignements [&hellip;]<\/p>\n","protected":false},"author":1,"featured_media":0,"parent":0,"menu_order":7,"comment_status":"closed","ping_status":"closed","template":"","meta":[],"yoast_head":"<!-- This site is optimized with the Yoast SEO plugin v16.8 - https:\/\/yoast.com\/wordpress\/plugins\/seo\/ -->\n<title>Laboratorio Tessile Anna Segreto in Sardegna<\/title>\n<meta name=\"description\" content=\"Nei nostri 2 laboratori in Sardegna, produciamo e vendiamo i migliori prodotti dell&#039;artigianato tessile sardo, tutti realizzati con i nostri telai manuali!\" \/>\n<meta name=\"robots\" content=\"index, follow, max-snippet:-1, max-image-preview:large, max-video-preview:-1\" \/>\n<link rel=\"canonical\" href=\"https:\/\/annasegreto.com\/it\/artigianato-tessile-della-sardegna\/\" \/>\n<meta property=\"og:locale\" content=\"fr_FR\" \/>\n<meta property=\"og:type\" content=\"article\" \/>\n<meta property=\"og:title\" content=\"Laboratorio Tessile Anna Segreto in Sardegna\" \/>\n<meta property=\"og:description\" content=\"Nei nostri 2 laboratori in Sardegna, produciamo e vendiamo i migliori prodotti dell&#039;artigianato tessile sardo, tutti realizzati con i nostri telai manuali!\" \/>\n<meta property=\"og:url\" content=\"https:\/\/annasegreto.com\/it\/artigianato-tessile-della-sardegna\/\" \/>\n<meta property=\"og:site_name\" content=\"Annasegreto\" \/>\n<meta property=\"article:modified_time\" content=\"2021-04-13T07:39:40+00:00\" \/>\n<meta name=\"twitter:label1\" content=\"Dur\u00e9e de lecture est.\" \/>\n\t<meta name=\"twitter:data1\" content=\"3 minutes\" \/>\n<script type=\"application\/ld+json\" class=\"yoast-schema-graph\">{\"@context\":\"https:\/\/schema.org\",\"@graph\":[{\"@type\":\"WebSite\",\"@id\":\"https:\/\/annasegreto.com\/it\/#website\",\"url\":\"https:\/\/annasegreto.com\/it\/\",\"name\":\"Annasegreto\",\"description\":\"artiginato tessile sardo\",\"potentialAction\":[{\"@type\":\"SearchAction\",\"target\":{\"@type\":\"EntryPoint\",\"urlTemplate\":\"https:\/\/annasegreto.com\/it\/?s={search_term_string}\"},\"query-input\":\"required name=search_term_string\"}],\"inLanguage\":\"fr-FR\"},{\"@type\":\"WebPage\",\"@id\":\"https:\/\/annasegreto.com\/it\/artigianato-tessile-della-sardegna\/#webpage\",\"url\":\"https:\/\/annasegreto.com\/it\/artigianato-tessile-della-sardegna\/\",\"name\":\"Laboratorio Tessile Anna Segreto in Sardegna\",\"isPartOf\":{\"@id\":\"https:\/\/annasegreto.com\/it\/#website\"},\"datePublished\":\"2013-07-31T07:28:37+00:00\",\"dateModified\":\"2021-04-13T07:39:40+00:00\",\"description\":\"Nei nostri 2 laboratori in Sardegna, produciamo e vendiamo i migliori prodotti dell'artigianato tessile sardo, tutti realizzati con i nostri telai manuali!\",\"breadcrumb\":{\"@id\":\"https:\/\/annasegreto.com\/it\/artigianato-tessile-della-sardegna\/#breadcrumb\"},\"inLanguage\":\"fr-FR\",\"potentialAction\":[{\"@type\":\"ReadAction\",\"target\":[\"https:\/\/annasegreto.com\/it\/artigianato-tessile-della-sardegna\/\"]}]},{\"@type\":\"BreadcrumbList\",\"@id\":\"https:\/\/annasegreto.com\/it\/artigianato-tessile-della-sardegna\/#breadcrumb\",\"itemListElement\":[{\"@type\":\"ListItem\",\"position\":1,\"name\":\"Home\",\"item\":\"https:\/\/annasegreto.com\/it\/\"},{\"@type\":\"ListItem\",\"position\":2,\"name\":\"Dove siamo\"}]}]}<\/script>\n<!-- \/ Yoast SEO plugin. -->","yoast_head_json":{"title":"Laboratorio Tessile Anna Segreto in Sardegna","description":"Nei nostri 2 laboratori in Sardegna, produciamo e vendiamo i migliori prodotti dell'artigianato tessile sardo, tutti realizzati con i nostri telai manuali!","robots":{"index":"index","follow":"follow","max-snippet":"max-snippet:-1","max-image-preview":"max-image-preview:large","max-video-preview":"max-video-preview:-1"},"canonical":"https:\/\/annasegreto.com\/it\/artigianato-tessile-della-sardegna\/","og_locale":"fr_FR","og_type":"article","og_title":"Laboratorio Tessile Anna Segreto in Sardegna","og_description":"Nei nostri 2 laboratori in Sardegna, produciamo e vendiamo i migliori prodotti dell'artigianato tessile sardo, tutti realizzati con i nostri telai manuali!","og_url":"https:\/\/annasegreto.com\/it\/artigianato-tessile-della-sardegna\/","og_site_name":"Annasegreto","article_modified_time":"2021-04-13T07:39:40+00:00","twitter_misc":{"Dur\u00e9e de lecture est.":"3 minutes"},"schema":{"@context":"https:\/\/schema.org","@graph":[{"@type":"WebSite","@id":"https:\/\/annasegreto.com\/it\/#website","url":"https:\/\/annasegreto.com\/it\/","name":"Annasegreto","description":"artiginato tessile sardo","potentialAction":[{"@type":"SearchAction","target":{"@type":"EntryPoint","urlTemplate":"https:\/\/annasegreto.com\/it\/?s={search_term_string}"},"query-input":"required name=search_term_string"}],"inLanguage":"fr-FR"},{"@type":"WebPage","@id":"https:\/\/annasegreto.com\/it\/artigianato-tessile-della-sardegna\/#webpage","url":"https:\/\/annasegreto.com\/it\/artigianato-tessile-della-sardegna\/","name":"Laboratorio Tessile Anna Segreto in Sardegna","isPartOf":{"@id":"https:\/\/annasegreto.com\/it\/#website"},"datePublished":"2013-07-31T07:28:37+00:00","dateModified":"2021-04-13T07:39:40+00:00","description":"Nei nostri 2 laboratori in Sardegna, produciamo e vendiamo i migliori prodotti dell'artigianato tessile sardo, tutti realizzati con i nostri telai manuali!","breadcrumb":{"@id":"https:\/\/annasegreto.com\/it\/artigianato-tessile-della-sardegna\/#breadcrumb"},"inLanguage":"fr-FR","potentialAction":[{"@type":"ReadAction","target":["https:\/\/annasegreto.com\/it\/artigianato-tessile-della-sardegna\/"]}]},{"@type":"BreadcrumbList","@id":"https:\/\/annasegreto.com\/it\/artigianato-tessile-della-sardegna\/#breadcrumb","itemListElement":[{"@type":"ListItem","position":1,"name":"Home","item":"https:\/\/annasegreto.com\/it\/"},{"@type":"ListItem","position":2,"name":"Dove siamo"}]}]}},"_links":{"self":[{"href":"https:\/\/annasegreto.com\/fr\/wp-json\/wp\/v2\/pages\/64"}],"collection":[{"href":"https:\/\/annasegreto.com\/fr\/wp-json\/wp\/v2\/pages"}],"about":[{"href":"https:\/\/annasegreto.com\/fr\/wp-json\/wp\/v2\/types\/page"}],"author":[{"embeddable":true,"href":"https:\/\/annasegreto.com\/fr\/wp-json\/wp\/v2\/users\/1"}],"replies":[{"embeddable":true,"href":"https:\/\/annasegreto.com\/fr\/wp-json\/wp\/v2\/comments?post=64"}],"version-history":[{"count":69,"href":"https:\/\/annasegreto.com\/fr\/wp-json\/wp\/v2\/pages\/64\/revisions"}],"predecessor-version":[{"id":2730,"href":"https:\/\/annasegreto.com\/fr\/wp-json\/wp\/v2\/pages\/64\/revisions\/2730"}],"wp:attachment":[{"href":"https:\/\/annasegreto.com\/fr\/wp-json\/wp\/v2\/media?parent=64"}],"curies":[{"name":"wp","href":"https:\/\/api.w.org\/{rel}","templated":true}]}}