{"id":2653,"date":"2016-12-23T13:05:48","date_gmt":"2016-12-23T12:05:48","guid":{"rendered":"https:\/\/annasegreto.com\/?page_id=2653"},"modified":"2024-04-01T20:14:54","modified_gmt":"2024-04-01T18:14:54","slug":"normativa-privacy","status":"publish","type":"page","link":"https:\/\/annasegreto.com\/fr\/normativa-privacy\/","title":{"rendered":"Normativa Privacy"},"content":{"rendered":"<p><span style=\"color: #000000;\"><strong style=\"color: #000000;\">Informativa ai sensi dell&#8217;art. 13 del Codice della Privacy<\/strong><\/span><\/p>\n<p><span style=\"color: #000000;\">Ai sensi dell&#8217;articolo 13 del codice della D.Lgs. 196\/2003, vi rendiamo le seguenti informazioni.<\/span><br style=\"color: #000000;\" \/><br style=\"color: #000000;\" \/><span style=\"color: #000000;\"><strong style=\"color: #000000;\">Finalit\u00e0 del trattamento<\/strong><\/span><\/p>\n<p><span style=\"color: #000000;\">I dati possono essere raccolti per una o pi\u00f9 delle seguenti finalit\u00e0:<\/span><br style=\"color: #000000;\" \/><span style=\"color: #000000;\">1)fornire l&#8217;accesso ad aree riservate del Portale e di Portali\/siti collegati con il presente e all&#8217;invio di comunicazioni anche di carattere commerciale, notizie, aggiornamenti sulle iniziative di Il segreto di Giorgia e delle societ\u00e0 da essa controllate e\/o collegate e\/o Sponsor.\u00a0<\/span><br style=\"color: #000000;\" \/><span style=\"color: #000000;\">2)eventuale cessione a terzi dei suddetti dati, sempre finalizzata alla realizzazione di campagne di email marketing ed all&#8217;invio di comunicazioni di carattere commerciale. 3)eseguire gli obblighi previsti da leggi o regolamenti;<\/span><br style=\"color: #000000;\" \/><span style=\"color: #000000;\">4)gestione contatti;<\/span><br style=\"color: #000000;\" \/><br style=\"color: #000000;\" \/><span style=\"color: #000000;\"><strong style=\"color: #000000;\">Modalit\u00e0 del trattamento<\/strong><\/span><br style=\"color: #000000;\" \/><br style=\"color: #000000;\" \/><span style=\"color: #000000;\">I dati verranno trattati con le seguenti modalit\u00e0:<\/span><br style=\"color: #000000;\" \/><span style=\"color: #000000;\">1) raccolta dati con modalit\u00e0 single-opt, in apposito database;<\/span><br style=\"color: #000000;\" \/><span style=\"color: #000000;\">2) registrazione ed elaborazione su supporto cartaceo e\/o magnetico;<\/span><br style=\"color: #000000;\" \/><span style=\"color: #000000;\">3) organizzazione degli archivi in forma prevalentemente automatizzata, ai sensi del Disciplinare Tecnico in materia di misure minime di sicurezza, Allegato B del Codice della Privacy.\u00a0<\/span><br style=\"color: #000000;\" \/><br style=\"color: #000000;\" \/><span style=\"color: #000000;\"><strong style=\"color: #000000;\">Natura obbligatoria<\/strong><\/span><br style=\"color: #000000;\" \/><br style=\"color: #000000;\" \/><span style=\"color: #000000;\">Tutti i dati richiesti sono obbligatori.<\/span><br style=\"color: #000000;\" \/><br style=\"color: #000000;\" \/><span style=\"color: #000000;\"><strong style=\"color: #000000;\">Soggetti a cui dati potranno essere comunicati i dati personali\u00a0<\/strong><\/span><br style=\"color: #000000;\" \/><br style=\"color: #000000;\" \/><span style=\"color: #000000;\">I dati raccolti potranno essere comunicati a:<\/span><br style=\"color: #000000;\" \/><span style=\"color: #000000;\">1)societ\u00e0 e imprese per usi di direct mailing o attivit\u00e0 analoghe;<\/span><br style=\"color: #000000;\" \/><span style=\"color: #000000;\">2)associazioni e fondazioni intenzionate ad acquistare spazi pubblicitari sulle liste o sul sito e\/o collegate alla fornitura di un particolare servizio.<\/span><br style=\"color: #000000;\" \/><span style=\"color: #000000;\">3)soggetti che debbano avere accesso ai dati, come da norme di legge o di normative secondarie e\/o comunitarie.<\/span><br style=\"color: #000000;\" \/><br style=\"color: #000000;\" \/><span style=\"color: #000000;\"><strong style=\"color: #000000;\">Diritti dell&#8217;interessato<\/strong><\/span><br style=\"color: #000000;\" \/><br style=\"color: #000000;\" \/><span style=\"color: #000000;\">Ai sensi ai sensi dell&#8217;art. 7 (Diritto di accesso ai dati personali ed altri diritti) del Codice della Privacy, vi segnaliamo che i vostri diritti in ordine al trattamento dei dati sono:<\/span><br style=\"color: #000000;\" \/><span style=\"color: #000000;\">&#8211; conoscere, mediante accesso gratuito l&#8217;esistenza di trattamenti di dati che possano riguardarvi;<\/span><br style=\"color: #000000;\" \/><span style=\"color: #000000;\">&#8211; essere informati sulla natura e sulle finalit\u00e0 del trattamento<\/span><br style=\"color: #000000;\" \/><span style=\"color: #000000;\">&#8211; ottenere a cura del titolare, senza ritardo:<\/span><br style=\"color: #000000;\" \/><span style=\"color: #000000;\">&#8211; la conferma dell&#8217;esistenza o meno di dati personali che vi riguardano, anche se non ancora registrati, e la comunicazione in forma intellegibile dei medesimi dati e della loro origine, nonch\u00e9 della logica e delle finalit\u00e0 su cui si basa il trattamento; la richiesta pu\u00f2 essere rinnovata, salva l&#8217;esistenza di giustificati motivi, con intervallo non minore di novanta giorni;<\/span><br style=\"color: #000000;\" \/><span style=\"color: #000000;\">&#8211; la cancellazione, la trasformazione in forma anonima o il blocco dei dati trattati in violazione di legge, compresi quelli di cui non \u00e8 necessaria la conservazione in relazione agli scopi per i quali i dati sono stati raccolti o successivamente trattati;<\/span><br style=\"color: #000000;\" \/><span style=\"color: #000000;\">&#8211; l&#8217;aggiornamento, la rettifica ovvero, qualora vi abbia interesse, l&#8217;integrazione dei dati esistenti;<\/span><br style=\"color: #000000;\" \/><span style=\"color: #000000;\">&#8211; opporvi in tutto o in parte per motivi legittimi al trattamento dei dati personali che vi riguardano ancorch\u00e9 pertinenti allo scopo della raccolta;<\/span><br style=\"color: #000000;\" \/><span style=\"color: #000000;\">&#8211; Vi segnaliamo che il titolare del trattamento ad ogni effetto di legge \u00e8:<\/span><br style=\"color: #000000;\" \/><br style=\"color: #000000;\" \/><\/p>\n<p>IL SEGRETO DI GIORGIA<br \/>\nP.IVA 04100740929<br \/>\nVia del Mare 51 09049 Villasimius (CA)<br \/>\nTel. 070 791300<br \/>\n<a href=\"mailto:ilsegretodigiorgia@gmail.com\">ilsegretodigiorgia@gmail.com<\/a><\/p>\n<p><br style=\"color: #000000;\" \/><span style=\"color: #000000;\">&#8211; Per esercitare i diritti previsti all&#8217;art. 7 del Codice della Privacy ovvero per la cancellazione dei vostri dati dall&#8217;archivio, \u00e8 sufficiente contattarci attraverso uno dei canali messi a disposizione.<\/span><br style=\"color: #000000;\" \/><span style=\"color: #000000;\">Tutti i dati sono protetti attraverso l&#8217;uso di antivirus, firewall e protezione attraverso password.<\/span><br style=\"color: #000000;\" \/><br style=\"color: #000000;\" \/><span style=\"color: #000000;\">Siamo a disposizione per ulteriori chiarimenti.<\/span><br style=\"color: #000000;\" \/><br style=\"color: #000000;\" \/><span style=\"color: #000000;\">Cordiali saluti.<\/span><\/p>\n","protected":false},"excerpt":{"rendered":"<p>Informativa ai sensi dell&#8217;art. 13 del Codice della Privacy Ai sensi dell&#8217;articolo 13 del codice della D.Lgs. 196\/2003, vi rendiamo le seguenti informazioni.Finalit\u00e0 del trattamento I dati possono essere raccolti per una o pi\u00f9 delle seguenti finalit\u00e0:1)fornire l&#8217;accesso ad aree riservate del Portale e di Portali\/siti collegati con il presente e all&#8217;invio di comunicazioni anche [&hellip;]<\/p>\n","protected":false},"author":1,"featured_media":0,"parent":0,"menu_order":0,"comment_status":"closed","ping_status":"closed","template":"","meta":[],"yoast_head":"<!-- This site is optimized with the Yoast SEO plugin v16.8 - https:\/\/yoast.com\/wordpress\/plugins\/seo\/ -->\n<title>Normativa Privacy - Annasegreto<\/title>\n<meta name=\"robots\" content=\"index, follow, max-snippet:-1, max-image-preview:large, max-video-preview:-1\" \/>\n<link rel=\"canonical\" href=\"https:\/\/annasegreto.com\/normativa-privacy\/\" \/>\n<meta property=\"og:locale\" content=\"fr_FR\" \/>\n<meta property=\"og:type\" content=\"article\" \/>\n<meta property=\"og:title\" content=\"Normativa Privacy - Annasegreto\" \/>\n<meta property=\"og:description\" content=\"Informativa ai sensi dell&#8217;art. 13 del Codice della Privacy Ai sensi dell&#8217;articolo 13 del codice della D.Lgs. 196\/2003, vi rendiamo le seguenti informazioni.Finalit\u00e0 del trattamento I dati possono essere raccolti per una o pi\u00f9 delle seguenti finalit\u00e0:1)fornire l&#8217;accesso ad aree riservate del Portale e di Portali\/siti collegati con il presente e all&#8217;invio di comunicazioni anche [&hellip;]\" \/>\n<meta property=\"og:url\" content=\"https:\/\/annasegreto.com\/normativa-privacy\/\" \/>\n<meta property=\"og:site_name\" content=\"Annasegreto\" \/>\n<meta property=\"article:modified_time\" content=\"2024-04-01T18:14:54+00:00\" \/>\n<meta name=\"twitter:label1\" content=\"Dur\u00e9e de lecture est.\" \/>\n\t<meta name=\"twitter:data1\" content=\"3 minutes\" \/>\n<script type=\"application\/ld+json\" class=\"yoast-schema-graph\">{\"@context\":\"https:\/\/schema.org\",\"@graph\":[{\"@type\":\"WebSite\",\"@id\":\"https:\/\/annasegreto.com\/it\/#website\",\"url\":\"https:\/\/annasegreto.com\/it\/\",\"name\":\"Annasegreto\",\"description\":\"artiginato tessile sardo\",\"potentialAction\":[{\"@type\":\"SearchAction\",\"target\":{\"@type\":\"EntryPoint\",\"urlTemplate\":\"https:\/\/annasegreto.com\/it\/?s={search_term_string}\"},\"query-input\":\"required name=search_term_string\"}],\"inLanguage\":\"fr-FR\"},{\"@type\":\"WebPage\",\"@id\":\"https:\/\/annasegreto.com\/normativa-privacy\/#webpage\",\"url\":\"https:\/\/annasegreto.com\/normativa-privacy\/\",\"name\":\"Normativa Privacy - Annasegreto\",\"isPartOf\":{\"@id\":\"https:\/\/annasegreto.com\/it\/#website\"},\"datePublished\":\"2016-12-23T12:05:48+00:00\",\"dateModified\":\"2024-04-01T18:14:54+00:00\",\"breadcrumb\":{\"@id\":\"https:\/\/annasegreto.com\/normativa-privacy\/#breadcrumb\"},\"inLanguage\":\"fr-FR\",\"potentialAction\":[{\"@type\":\"ReadAction\",\"target\":[\"https:\/\/annasegreto.com\/normativa-privacy\/\"]}]},{\"@type\":\"BreadcrumbList\",\"@id\":\"https:\/\/annasegreto.com\/normativa-privacy\/#breadcrumb\",\"itemListElement\":[{\"@type\":\"ListItem\",\"position\":1,\"name\":\"Home\",\"item\":\"https:\/\/annasegreto.com\/it\/\"},{\"@type\":\"ListItem\",\"position\":2,\"name\":\"Normativa Privacy\"}]}]}<\/script>\n<!-- \/ Yoast SEO plugin. -->","yoast_head_json":{"title":"Normativa Privacy - Annasegreto","robots":{"index":"index","follow":"follow","max-snippet":"max-snippet:-1","max-image-preview":"max-image-preview:large","max-video-preview":"max-video-preview:-1"},"canonical":"https:\/\/annasegreto.com\/normativa-privacy\/","og_locale":"fr_FR","og_type":"article","og_title":"Normativa Privacy - Annasegreto","og_description":"Informativa ai sensi dell&#8217;art. 13 del Codice della Privacy Ai sensi dell&#8217;articolo 13 del codice della D.Lgs. 196\/2003, vi rendiamo le seguenti informazioni.Finalit\u00e0 del trattamento I dati possono essere raccolti per una o pi\u00f9 delle seguenti finalit\u00e0:1)fornire l&#8217;accesso ad aree riservate del Portale e di Portali\/siti collegati con il presente e all&#8217;invio di comunicazioni anche [&hellip;]","og_url":"https:\/\/annasegreto.com\/normativa-privacy\/","og_site_name":"Annasegreto","article_modified_time":"2024-04-01T18:14:54+00:00","twitter_misc":{"Dur\u00e9e de lecture est.":"3 minutes"},"schema":{"@context":"https:\/\/schema.org","@graph":[{"@type":"WebSite","@id":"https:\/\/annasegreto.com\/it\/#website","url":"https:\/\/annasegreto.com\/it\/","name":"Annasegreto","description":"artiginato tessile sardo","potentialAction":[{"@type":"SearchAction","target":{"@type":"EntryPoint","urlTemplate":"https:\/\/annasegreto.com\/it\/?s={search_term_string}"},"query-input":"required name=search_term_string"}],"inLanguage":"fr-FR"},{"@type":"WebPage","@id":"https:\/\/annasegreto.com\/normativa-privacy\/#webpage","url":"https:\/\/annasegreto.com\/normativa-privacy\/","name":"Normativa Privacy - Annasegreto","isPartOf":{"@id":"https:\/\/annasegreto.com\/it\/#website"},"datePublished":"2016-12-23T12:05:48+00:00","dateModified":"2024-04-01T18:14:54+00:00","breadcrumb":{"@id":"https:\/\/annasegreto.com\/normativa-privacy\/#breadcrumb"},"inLanguage":"fr-FR","potentialAction":[{"@type":"ReadAction","target":["https:\/\/annasegreto.com\/normativa-privacy\/"]}]},{"@type":"BreadcrumbList","@id":"https:\/\/annasegreto.com\/normativa-privacy\/#breadcrumb","itemListElement":[{"@type":"ListItem","position":1,"name":"Home","item":"https:\/\/annasegreto.com\/it\/"},{"@type":"ListItem","position":2,"name":"Normativa Privacy"}]}]}},"_links":{"self":[{"href":"https:\/\/annasegreto.com\/fr\/wp-json\/wp\/v2\/pages\/2653"}],"collection":[{"href":"https:\/\/annasegreto.com\/fr\/wp-json\/wp\/v2\/pages"}],"about":[{"href":"https:\/\/annasegreto.com\/fr\/wp-json\/wp\/v2\/types\/page"}],"author":[{"embeddable":true,"href":"https:\/\/annasegreto.com\/fr\/wp-json\/wp\/v2\/users\/1"}],"replies":[{"embeddable":true,"href":"https:\/\/annasegreto.com\/fr\/wp-json\/wp\/v2\/comments?post=2653"}],"version-history":[{"count":3,"href":"https:\/\/annasegreto.com\/fr\/wp-json\/wp\/v2\/pages\/2653\/revisions"}],"predecessor-version":[{"id":3034,"href":"https:\/\/annasegreto.com\/fr\/wp-json\/wp\/v2\/pages\/2653\/revisions\/3034"}],"wp:attachment":[{"href":"https:\/\/annasegreto.com\/fr\/wp-json\/wp\/v2\/media?parent=2653"}],"curies":[{"name":"wp","href":"https:\/\/api.w.org\/{rel}","templated":true}]}}