{"id":2340,"date":"2015-07-17T11:05:33","date_gmt":"2015-07-17T09:05:33","guid":{"rendered":"https:\/\/annasegreto.com\/?page_id=2340"},"modified":"2015-07-31T14:07:04","modified_gmt":"2015-07-31T12:07:04","slug":"anna-segreto-artigianato-tessile-sardo","status":"publish","type":"page","link":"https:\/\/annasegreto.com\/fr\/anna-segreto-artigianato-tessile-sardo\/","title":{"rendered":"Qui sommes nous"},"content":{"rendered":"[vc_row][vc_column][vc_column_text][\/vc_column_text][\/vc_column][\/vc_row][vc_row][vc_column][vc_column_text][\/vc_column_text][\/vc_column][\/vc_row][vc_row fullwidth=&#8221;false&#8221; attached=&#8221;false&#8221; padding=&#8221;0&#8243; visibility=&#8221;&#8221; animation=&#8221;&#8221;][vc_column border_color=&#8221;&#8221; visibility=&#8221;&#8221; width=&#8221;1\/1&#8243;][vc_empty_space height=&#8221;20px&#8221;][\/vc_column][\/vc_row][vc_row fullwidth=&#8221;false&#8221; attached=&#8221;false&#8221; padding=&#8221;0&#8243; visibility=&#8221;&#8221; animation=&#8221;&#8221; css=&#8221;.vc_custom_1411479622940{padding-top: 10px !important;padding-bottom: 10px !important;background-color: #ededed !important;background-position: center !important;background-repeat: no-repeat !important;background-size: cover !important;}&#8221;][vc_column width=&#8221;1\/2&#8243;][vc_custom_heading text=&#8221;N\u00f4TRE LABORATOIRE TEXTILE EST LE FRUIT DE L&#8217;EXP\u00c9RIENCE ET DE LA PASSION D&#8217;ANNA SEGRETO&#8221; font_container=&#8221;tag:h2|font_size:23px|text_align:left|color:%23664701&#8243; google_fonts=&#8221;font_family:Open%20Sans%3A300%2C300italic%2Cregular%2Citalic%2C600%2C600italic%2C700%2C700italic%2C800%2C800italic|font_style:400%20regular%3A400%3Anormal&#8221; el_class=&#8221;titlebox&#8221;][vc_column_text margin_bottom=&#8221;0&#8243; font_family=&#8221;News+Cycle&#8221; font_type=&#8221;google&#8221; text_size=&#8221;18&#8243; width=&#8221;2\/3&#8243; el_position=&#8221;last&#8221; disable_pattern=&#8221;true&#8221; align=&#8221;left&#8221;]Une artisane qui, bien \u00e9lev\u00e9e depuis petite \u00e0 l&#8217;usage du m\u00e9tier \u00e0 tisser, avec un esprit d&#8217;entrepreneur et un go\u00fbt renouvel\u00e9, elle a d\u00e9cid\u00e9 de reproposer\u00a0 les ouvrages textiles en lin, laine et coton, qu&#8217;un temps ils \u00e9taient destin\u00e9s exclusivement \u00e0 une forme d&#8217;artisanat domestique.<\/p>\n<p>Aujourd&#8217;hui le laboratoire textile s&#8217;ins\u00e8re parfaitement dans l&#8217;\u00e9conomie actuelle et tr\u00e8s li\u00e9 \u00e0 la tradition. En effet,\u00a0 \u00e0 la garantie de la qualit\u00e9 artisanale et productive, les m\u00e9tiers \u00e0 tisser horizontals qui se trouvent dans le laboratoire sont au battement exclusivement manuel.[\/vc_column_text][\/vc_column][vc_column width=&#8221;1\/2&#8243;][mk_image src=&#8221;https:\/\/annasegreto.com\/wp-content\/uploads\/2013\/07\/Laboratorio-tessile-Anna-Segreto2.jpg&#8221; image_width=&#8221;500&#8243; image_height=&#8221;320&#8243; lightbox=&#8221;true&#8221; crop=&#8221;true&#8221; alt=&#8221;Laboratorio tessile Anna Segreto&#8221; caption_bg_opacity=&#8221;0.6&#8243; width=&#8221;1\/3&#8243; el_position=&#8221;first&#8221; svg=&#8221;false&#8221; frame_style=&#8221;shadow_only&#8221; target=&#8221;_self&#8221; caption_location=&#8221;inside-image&#8221; align=&#8221;left&#8221;][\/vc_column][\/vc_row][vc_row fullwidth=&#8221;false&#8221; attached=&#8221;false&#8221; padding=&#8221;0&#8243; visibility=&#8221;&#8221; animation=&#8221;&#8221;][vc_column border_color=&#8221;&#8221; visibility=&#8221;&#8221; width=&#8221;1\/1&#8243;][vc_empty_space height=&#8221;32px&#8221;][\/vc_column][\/vc_row][vc_row fullwidth=&#8221;false&#8221; attached=&#8221;false&#8221; padding=&#8221;0&#8243; css=&#8221;.vc_custom_1411479636520{padding-top: 10px !important;padding-bottom: 10px !important;background-color: #ededed !important;background-position: center !important;background-repeat: no-repeat !important;background-size: cover !important;}&#8221;][vc_column border_color=&#8221;&#8221; visibility=&#8221;&#8221; width=&#8221;1\/3&#8243;][mk_image heading_title=&#8221;&#8221; src=&#8221;https:\/\/annasegreto.com\/wp-content\/uploads\/2014\/03\/produzione-telaio-a-mano.jpg&#8221; image_width=&#8221;400&#8243; image_height=&#8221;400&#8243; crop=&#8221;true&#8221; svg=&#8221;false&#8221; lightbox=&#8221;true&#8221; custom_lightbox=&#8221;&#8221; group=&#8221;&#8221; frame_style=&#8221;shadow_only&#8221; link=&#8221;&#8221; target=&#8221;_self&#8221; title=&#8221;&#8221; desc=&#8221;&#8221; caption_location=&#8221;inside-image&#8221; align=&#8221;left&#8221; margin_bottom=&#8221;10&#8243; visibility=&#8221;&#8221; animation=&#8221;&#8221; el_class=&#8221;&#8221; alt=&#8221;Laboratorio tessile Anna Segreto&#8221; caption_bg_opacity=&#8221;0.6&#8243; width=&#8221;1\/3&#8243; el_position=&#8221;last&#8221;][\/vc_column][vc_column border_color=&#8221;&#8221; visibility=&#8221;&#8221; width=&#8221;2\/3&#8243;][vc_custom_heading text=&#8221;LES M\u00c9TIERS ACTION\u00c9S PAR LES MAINS DE EXPERTES TISSEUSES CR\u00c9ENT SELON LES TECHNIQUES TEXTILES LOCALES&#8221; font_container=&#8221;tag:h2|font_size:22px|text_align:left|color:%23664701&#8243; google_fonts=&#8221;font_family:Open%20Sans%3A300%2C300italic%2Cregular%2Citalic%2C600%2C600italic%2C700%2C700italic%2C800%2C800italic|font_style:400%20regular%3A400%3Anormal&#8221; el_class=&#8221;titlebox&#8221;][vc_column_text disable_pattern=&#8221;true&#8221; align=&#8221;left&#8221; margin_bottom=&#8221;0&#8243; font_family=&#8221;News+Cycle&#8221; font_type=&#8221;google&#8221; text_size=&#8221;18&#8243; width=&#8221;2\/3&#8243; el_position=&#8221;first&#8221;]au &#8220;pibiones&#8221; et au littuzus&#8221;, \u00e0 une vaste gamme d&#8217;ouvrages destin\u00e9s \u00e0 l&#8217;ameublement de la maison: tentes, coussins, nappes, tapis etc. correspondant aux d\u00e9sirs du client qui veut un article unique dans son genre, soit pour dimensions et couleurs, que pour les modules figuratifs qui font partie du patrimoine sarde des ic\u00f4nes.<\/p>\n<p>N\u00f4tre production,qui s&#8217;inspire au pass\u00e9 avec le but de sauvegarder et valoriser un art si ancien appr\u00e9ci\u00e9 soit en Italie qu&#8217;\u00e0 l&#8217;\u00e9tranger, elle peut \u00eatre vue en partie dans la section catalogue des produits et de mani\u00e8re compl\u00e8te en les show-rooms de Villamassargia et de Villasimius en Sardaigne.<\/p>\n<p>En plus de vendre directement \u00e0 nos showrooms , nous projetons et fournissons directement les plus belles villas et appartements en l\u2019Italie et \u00e0 l\u2019\u00e9tranger . Avec nos produits et textiles coordonn\u00e9s , nous avons meubl\u00e9 plusieurs de grands h\u00f4tels et resorts en Sardaigne.[\/vc_column_text][\/vc_column][\/vc_row][vc_row][vc_column][vc_column_text][\/vc_column_text][\/vc_column][\/vc_row][vc_row][vc_column][vc_column_text][\/vc_column_text][\/vc_column][\/vc_row]","protected":false},"excerpt":{"rendered":"<p>[vc_row][vc_column][vc_column_text][\/vc_column_text][\/vc_column][\/vc_row][vc_row][vc_column][vc_column_text][\/vc_column_text][\/vc_column][\/vc_row][vc_row fullwidth=&#8221;false&#8221; attached=&#8221;false&#8221; padding=&#8221;0&#8243; visibility=&#8221;&#8221; animation=&#8221;&#8221;][vc_column border_color=&#8221;&#8221; visibility=&#8221;&#8221; width=&#8221;1\/1&#8243;][vc_empty_space height=&#8221;20px&#8221;][\/vc_column][\/vc_row][vc_row fullwidth=&#8221;false&#8221; attached=&#8221;false&#8221; padding=&#8221;0&#8243; visibility=&#8221;&#8221; animation=&#8221;&#8221; css=&#8221;.vc_custom_1411479622940{padding-top: 10px !important;padding-bottom: 10px !important;background-color: #ededed !important;background-position: center !important;background-repeat: no-repeat !important;background-size: cover !important;}&#8221;][vc_column width=&#8221;1\/2&#8243;][vc_custom_heading text=&#8221;N\u00f4TRE LABORATOIRE TEXTILE EST LE FRUIT DE L&#8217;EXP\u00c9RIENCE ET DE LA PASSION D&#8217;ANNA SEGRETO&#8221; font_container=&#8221;tag:h2|font_size:23px|text_align:left|color:%23664701&#8243; google_fonts=&#8221;font_family:Open%20Sans%3A300%2C300italic%2Cregular%2Citalic%2C600%2C600italic%2C700%2C700italic%2C800%2C800italic|font_style:400%20regular%3A400%3Anormal&#8221; el_class=&#8221;titlebox&#8221;][vc_column_text margin_bottom=&#8221;0&#8243; font_family=&#8221;News+Cycle&#8221; font_type=&#8221;google&#8221; text_size=&#8221;18&#8243; width=&#8221;2\/3&#8243; el_position=&#8221;last&#8221; disable_pattern=&#8221;true&#8221; align=&#8221;left&#8221;]Une artisane [&hellip;]<\/p>\n","protected":false},"author":1,"featured_media":0,"parent":0,"menu_order":3,"comment_status":"open","ping_status":"closed","template":"","meta":[],"yoast_head":"<!-- This site is optimized with the Yoast SEO plugin v16.8 - https:\/\/yoast.com\/wordpress\/plugins\/seo\/ -->\n<title>Anna Segreto Prodotti Artigianali Tessili della Sardegna<\/title>\n<meta name=\"description\" content=\"Laboratorio artigianale tessile Anna Segreto nel sud della Sardegna\" \/>\n<meta name=\"robots\" content=\"index, follow, max-snippet:-1, max-image-preview:large, max-video-preview:-1\" \/>\n<link rel=\"canonical\" href=\"https:\/\/annasegreto.com\/en\/anna-segreto-artigianato-tessile-sardo\/\" \/>\n<meta property=\"og:locale\" content=\"fr_FR\" \/>\n<meta property=\"og:type\" content=\"article\" \/>\n<meta property=\"og:title\" content=\"Anna Segreto Prodotti Artigianali Tessili della Sardegna\" \/>\n<meta property=\"og:description\" content=\"Laboratorio artigianale tessile Anna Segreto nel sud della Sardegna\" \/>\n<meta property=\"og:url\" content=\"https:\/\/annasegreto.com\/en\/anna-segreto-artigianato-tessile-sardo\/\" \/>\n<meta property=\"og:site_name\" content=\"Annasegreto\" \/>\n<meta property=\"article:modified_time\" content=\"2015-07-31T12:07:04+00:00\" \/>\n<meta name=\"twitter:label1\" content=\"Dur\u00e9e de lecture est.\" \/>\n\t<meta name=\"twitter:data1\" content=\"10 minutes\" \/>\n<script type=\"application\/ld+json\" class=\"yoast-schema-graph\">{\"@context\":\"https:\/\/schema.org\",\"@graph\":[{\"@type\":\"WebSite\",\"@id\":\"https:\/\/annasegreto.com\/it\/#website\",\"url\":\"https:\/\/annasegreto.com\/it\/\",\"name\":\"Annasegreto\",\"description\":\"artiginato tessile sardo\",\"potentialAction\":[{\"@type\":\"SearchAction\",\"target\":{\"@type\":\"EntryPoint\",\"urlTemplate\":\"https:\/\/annasegreto.com\/it\/?s={search_term_string}\"},\"query-input\":\"required name=search_term_string\"}],\"inLanguage\":\"fr-FR\"},{\"@type\":\"WebPage\",\"@id\":\"https:\/\/annasegreto.com\/en\/anna-segreto-artigianato-tessile-sardo\/#webpage\",\"url\":\"https:\/\/annasegreto.com\/en\/anna-segreto-artigianato-tessile-sardo\/\",\"name\":\"Anna Segreto Prodotti Artigianali Tessili della Sardegna\",\"isPartOf\":{\"@id\":\"https:\/\/annasegreto.com\/it\/#website\"},\"datePublished\":\"2015-07-17T09:05:33+00:00\",\"dateModified\":\"2015-07-31T12:07:04+00:00\",\"description\":\"Laboratorio artigianale tessile Anna Segreto nel sud della Sardegna\",\"breadcrumb\":{\"@id\":\"https:\/\/annasegreto.com\/en\/anna-segreto-artigianato-tessile-sardo\/#breadcrumb\"},\"inLanguage\":\"fr-FR\",\"potentialAction\":[{\"@type\":\"ReadAction\",\"target\":[\"https:\/\/annasegreto.com\/en\/anna-segreto-artigianato-tessile-sardo\/\"]}]},{\"@type\":\"BreadcrumbList\",\"@id\":\"https:\/\/annasegreto.com\/en\/anna-segreto-artigianato-tessile-sardo\/#breadcrumb\",\"itemListElement\":[{\"@type\":\"ListItem\",\"position\":1,\"name\":\"Home\",\"item\":\"https:\/\/annasegreto.com\/it\/\"},{\"@type\":\"ListItem\",\"position\":2,\"name\":\"Chi siamo\"}]}]}<\/script>\n<!-- \/ Yoast SEO plugin. -->","yoast_head_json":{"title":"Anna Segreto Prodotti Artigianali Tessili della Sardegna","description":"Laboratorio artigianale tessile Anna Segreto nel sud della Sardegna","robots":{"index":"index","follow":"follow","max-snippet":"max-snippet:-1","max-image-preview":"max-image-preview:large","max-video-preview":"max-video-preview:-1"},"canonical":"https:\/\/annasegreto.com\/en\/anna-segreto-artigianato-tessile-sardo\/","og_locale":"fr_FR","og_type":"article","og_title":"Anna Segreto Prodotti Artigianali Tessili della Sardegna","og_description":"Laboratorio artigianale tessile Anna Segreto nel sud della Sardegna","og_url":"https:\/\/annasegreto.com\/en\/anna-segreto-artigianato-tessile-sardo\/","og_site_name":"Annasegreto","article_modified_time":"2015-07-31T12:07:04+00:00","twitter_misc":{"Dur\u00e9e de lecture est.":"10 minutes"},"schema":{"@context":"https:\/\/schema.org","@graph":[{"@type":"WebSite","@id":"https:\/\/annasegreto.com\/it\/#website","url":"https:\/\/annasegreto.com\/it\/","name":"Annasegreto","description":"artiginato tessile sardo","potentialAction":[{"@type":"SearchAction","target":{"@type":"EntryPoint","urlTemplate":"https:\/\/annasegreto.com\/it\/?s={search_term_string}"},"query-input":"required name=search_term_string"}],"inLanguage":"fr-FR"},{"@type":"WebPage","@id":"https:\/\/annasegreto.com\/en\/anna-segreto-artigianato-tessile-sardo\/#webpage","url":"https:\/\/annasegreto.com\/en\/anna-segreto-artigianato-tessile-sardo\/","name":"Anna Segreto Prodotti Artigianali Tessili della Sardegna","isPartOf":{"@id":"https:\/\/annasegreto.com\/it\/#website"},"datePublished":"2015-07-17T09:05:33+00:00","dateModified":"2015-07-31T12:07:04+00:00","description":"Laboratorio artigianale tessile Anna Segreto nel sud della Sardegna","breadcrumb":{"@id":"https:\/\/annasegreto.com\/en\/anna-segreto-artigianato-tessile-sardo\/#breadcrumb"},"inLanguage":"fr-FR","potentialAction":[{"@type":"ReadAction","target":["https:\/\/annasegreto.com\/en\/anna-segreto-artigianato-tessile-sardo\/"]}]},{"@type":"BreadcrumbList","@id":"https:\/\/annasegreto.com\/en\/anna-segreto-artigianato-tessile-sardo\/#breadcrumb","itemListElement":[{"@type":"ListItem","position":1,"name":"Home","item":"https:\/\/annasegreto.com\/it\/"},{"@type":"ListItem","position":2,"name":"Chi siamo"}]}]}},"_links":{"self":[{"href":"https:\/\/annasegreto.com\/fr\/wp-json\/wp\/v2\/pages\/2340"}],"collection":[{"href":"https:\/\/annasegreto.com\/fr\/wp-json\/wp\/v2\/pages"}],"about":[{"href":"https:\/\/annasegreto.com\/fr\/wp-json\/wp\/v2\/types\/page"}],"author":[{"embeddable":true,"href":"https:\/\/annasegreto.com\/fr\/wp-json\/wp\/v2\/users\/1"}],"replies":[{"embeddable":true,"href":"https:\/\/annasegreto.com\/fr\/wp-json\/wp\/v2\/comments?post=2340"}],"version-history":[{"count":17,"href":"https:\/\/annasegreto.com\/fr\/wp-json\/wp\/v2\/pages\/2340\/revisions"}],"predecessor-version":[{"id":2588,"href":"https:\/\/annasegreto.com\/fr\/wp-json\/wp\/v2\/pages\/2340\/revisions\/2588"}],"wp:attachment":[{"href":"https:\/\/annasegreto.com\/fr\/wp-json\/wp\/v2\/media?parent=2340"}],"curies":[{"name":"wp","href":"https:\/\/api.w.org\/{rel}","templated":true}]}}