   {"id":16,"date":"2013-07-30T17:11:40","date_gmt":"2013-07-30T15:11:40","guid":{"rendered":"https:\/\/annasegreto.com\/?page_id=16"},"modified":"2019-06-12T10:46:58","modified_gmt":"2019-06-12T08:46:58","slug":"anna-segreto","status":"publish","type":"page","link":"https:\/\/annasegreto.com\/fr\/","title":{"rendered":"Homepage"},"content":{"rendered":"[vc_row][vc_column][vc_column_text][\/vc_column_text][\/vc_column][\/vc_row][vc_row visibility=&#8221;hidden-sm&#8221;][vc_column css=&#8221;.vc_custom_1437469871648{padding-right: 10px !important;padding-bottom: 10px !important;padding-left: 10px !important;}&#8221;][vc_column_text]<script data-cfasync=\"false\" type=\"text\/javascript\">var lsjQuery = jQuery;<\/script><script data-cfasync=\"false\" type=\"text\/javascript\"> lsjQuery(document).ready(function() { if(typeof lsjQuery.fn.layerSlider == \"undefined\") { lsShowNotice('layerslider_4_3','jquery'); } else { lsjQuery(\"#layerslider_4_3\").layerSlider({responsive: false, startInViewport: false, animateFirstSlide: false, twoWaySlideshow: true, skin: 'fullwidthdark', globalBGColor: '#f0f0f0', navStartStop: false, navButtons: false, showCircleTimer: false, lazyLoad: false, yourLogoStyle: 'left: 10px; top: 10px;', cbInit: function(element) { }, cbStart: function(data) { }, cbStop: function(data) { }, cbPause: function(data) { }, cbAnimStart: function(data) { }, cbAnimStop: function(data) { }, cbPrev: function(data) { }, cbNext: function(data) { }, skinsPath: 'https:\/\/annasegreto.com\/wp-content\/plugins\/LayerSlider\/static\/skins\/'}) } }); <\/script><div class=\"ls-wp-fullwidth-container\" style=\"height:450px;\"><div class=\"ls-wp-fullwidth-helper\"><div id=\"layerslider_4_3\" class=\"ls-wp-container\" style=\"width:1110px;height:450px;margin:0 auto;padding:10px;\"><div class=\"ls-slide\" data-ls=\"slidedelay:7000;transition2d:23,48;\"><img src=\"https:\/\/annasegreto.com\/wp-content\/uploads\/2015\/07\/Artigianato-tessile-sardo.jpg\" class=\"ls-bg\" alt=\"Artigianato-tessile-sardo\" \/><h1 class=\"ls-l tp-caption big_white\" style=\"top:96px;left:483px;font-size:40px; line-height:40px; padding:5px 10px; text-transform:none; color:white; font-weight:lighter ; background-color: rgba(209,74,17,0.54) ;color:#ffffff;white-space: nowrap;\" data-ls=\"offsetxin:right;fadein:false;offsetxout:right;durationout:1000;fadeout:false;\">la vraie main textile traditionnel <\/h1><h2 class=\"ls-l tp-caption big_white\" style=\"top:156px;left:798px;font-size:25px; line-height:30px; text-align:right; color:white;font-weight:300; text-transform: none; ;white-space: nowrap;\" data-ls=\"offsetxin:right;fadein:false;offsetxout:right;durationout:1000;fadeout:false;\">de l'artisanat sarde<\/h2><div class=\"ls-l\" style=\"top:212px;left:841px;color: #a8440a;width:100px;height:35px;padding-top:15px;padding-right:10px;padding-left:10px;font-size:17px;color:#a8440a;background:#ffffff;border-radius:5px;white-space: nowrap;\" data-ls=\"offsetxin:right;fadein:false;offsetxout:right;durationout:1000;fadeout:false;\"><a href=\"\/?p=4\" class=\"tp-button orange small\">Catalogue<\/a><\/div><\/div><div class=\"ls-slide\" data-ls=\"slidedelay:7000;transition2d:23,48;\"><img src=\"https:\/\/annasegreto.com\/wp-content\/uploads\/2014\/01\/DSC_57772.jpg\" class=\"ls-bg\" alt=\"Slide background\" \/><h1 class=\"ls-l tp-caption big_white\" style=\"top:248px;left:85px;font-size:40px; line-height:40px; padding:5px 10px; text-transform:none; color:white; font-weight:lighter ; background-color: rgba(209,74,17,0.54) ;color:#ffffff;white-space: nowrap;\" data-ls=\"offsetxin:right;fadein:false;offsetxout:right;durationout:1000;fadeout:false;\">Produits personnalis\u00e9s<\/h1><h2 class=\"ls-l tp-caption big_white\" style=\"top:317px;left:92px;font-size:25px; line-height:30px; text-align:right; color:white;font-weight:300; text-transform: none; ;white-space: nowrap;\" data-ls=\"offsetxin:right;fadein:false;offsetxout:right;durationout:1000;fadeout:false;\">large choix de couleurs et de facilit\u00e9 d'entretien<\/h2><div class=\"ls-l\" style=\"top:372px;left:84px;width:100px;height:35px;padding-top:15px;padding-right:10px;padding-left:10px;font-size:17px;color:#a8440a;background:#ffffff;border-radius:5px;white-space: nowrap;\" data-ls=\"offsetxin:right;fadein:false;offsetxout:right;durationout:1000;fadeout:false;\"><a href=\"\/?p=4\" class=\"tp-button orange small\">Catalogue<\/a><\/div><\/div><div class=\"ls-slide\" data-ls=\"slidedelay:7000;transition2d:23,38,48;\"><img src=\"https:\/\/annasegreto.com\/wp-content\/uploads\/2014\/01\/Arredamento-sardo-tappeto-artigianale.jpg\" class=\"ls-bg\" alt=\"Slide background\" \/><h1 class=\"ls-l tp-caption big_white\" style=\"top:57px;left:525px;font-size:40px; line-height:40px; padding:5px 10px; text-transform:none; color:white; font-weight:lighter ; background-color: rgba(209,74,17,0.54) ;color:#ffffff;white-space: nowrap;\" data-ls=\"offsetxin:right;fadein:false;offsetxout:right;durationout:1000;fadeout:false;\">Pour meubler votre exercice<\/h1><h2 class=\"ls-l tp-caption big_white\" style=\"top:118px;left:702px;font-size:25px; line-height:30px; text-align:right; color:white;font-weight:300; text-transform: none; ;white-space: nowrap;\" data-ls=\"offsetxin:right;fadein:false;offsetxout:right;durationout:1000;fadeout:false;\">Des solutions sur mesure pour<br> h\u00f4tels , villas , station<\/h2><div class=\"ls-l\" style=\"top:194px;left:864px;width:100px;height:35px;padding-top:15px;padding-right:10px;padding-left:10px;font-size:17px;color:#a8440a;background:#ffffff;border-radius:5px;white-space: nowrap;\" data-ls=\"offsetxin:right;fadein:false;offsetxout:right;durationout:1000;fadeout:false;\"><a href=\"\/?p=4\" class=\"tp-button orange small\">Catalogue<\/a><\/div><\/div><\/div><\/div><\/div>[\/vc_column_text][\/vc_column][\/vc_row][vc_row][vc_column css=&#8221;.vc_custom_1437463926606{padding-left: 10px !important;}&#8221;][vc_empty_space height=&#8221;10px&#8221;][mk_fancy_title style=&#8221;simple&#8221; color=&#8221;#552b00&#8243; size=&#8221;27&#8243; margin_bottom=&#8221;20&#8243; font_family=&#8221;Alegreya&#8221; font_type=&#8221;google&#8221; align=&#8221;center&#8221; el_class=&#8221;descriz nocap &#8221; width=&#8221;1\/1&#8243; el_position=&#8221;first last&#8221;]\n<p style=\"font-size: 15px; text-transform: none;\">La production d&#8217;Anna Segreto s&#8217;inspire au pass\u00e9 avec le but de sauvegarder et valoriser un art si ancien et appr\u00e9ci\u00e9 soit en Italie qu&#8217;\u00e0 l&#8217;\u00e9tranger. Nous projetons et nous meublons directement villas et appartements. Nous avons meubl\u00e9 et d\u00e9cor\u00e9 beaucoup d&#8217;h\u00f4tels et de resort entre les plus exclusifs de la Sardaigne.<\/p>\n[\/mk_fancy_title][vc_row_inner][vc_column_inner width=&#8221;1\/2&#8243;][mk_image src=&#8221;https:\/\/annasegreto.com\/wp-content\/uploads\/2014\/02\/divano-angolare-con-tessuto-idrorepellente-sfoderabile-e-lavabile.jpg&#8221; image_width=&#8221;750&#8243; image_height=&#8221;300&#8243; frame_style=&#8221;single_line&#8221; link=&#8221;https:\/\/annasegreto.com\/portfolio-posts\/per-il-soggiorno\/&#8221; title=&#8221;POUR LE SEJ\u00e8OUR&#8221; margin_bottom=&#8221;0&#8243;][\/vc_column_inner][vc_column_inner width=&#8221;1\/2&#8243;][vc_column_text el_class=&#8221;paddingzero&#8221; text_color=&#8221;#552b00&#8243; font_family=&#8221;none&#8221; text_size=&#8221;14&#8243; width=&#8221;1\/3&#8243; el_position=&#8221;last&#8221;]\n<p style=\"color: #664e3c;\">Selon les techniques textiles du pays qui s&#8217;appellent au \u201cpibiones\u201d (grains de raisin) et \u201cau littuzus\u201d, les mains de tisseuses expertes cr\u00e9ent une vaste gamme d&#8217;ouvrages destin\u00e9s \u00e0 l&#8217;ameublement et d\u00e9coration de la maison: tentes, cousins, nappes et tapis correspondant aux expectatives du client qui d\u00e9sire un objet unique dans son genre, soit pour la dimension et la couleur, que pour un choix des formulaires figuratifs qui font partie du patrimoine iconographique sarde.<\/p>\n<div class=\"mk-button-align left\"><a class=\"mk-button mk-shortcode medium teal bottone\" style=\"background-color: #c87129; size: 14px; color: #ffffff;\" href=\"https:\/\/annasegreto.com\/fr\/artigianato-tessile-sardo\/\">Produits<br \/>\n<\/a><\/div>\n[\/vc_column_text][\/vc_column_inner][\/vc_row_inner][vc_empty_space][vc_row_inner][vc_column_inner el_class=&#8221;boxtexthome&#8221; width=&#8221;1\/3&#8243; css=&#8221;.vc_custom_1437399440094{margin-top: 10px !important;padding-top: 10px !important;padding-right: 15px !important;padding-left: 15px !important;background-image: url(https:\/\/annasegreto.com\/wp-content\/uploads\/2013\/07\/patternrosso.png?id=2402) !important;background-position: 0 0 !important;background-repeat: repeat !important;}&#8221;][vc_column_text]\n<p style=\"color: #fff; font-size: 14px;\">Le laboratoire textile d&#8217;Anna Segreto est le r\u00e9sultat de l&#8217;exp\u00e9rience et de la passion d&#8217;une artisane qui aime tisser depuis beaucoup d&#8217;ans. Avec un go\u00fbt tr\u00e8s r\u00e9novateur elle a d\u00e9cid\u00e9 de proposer des produits manufactur\u00e9s textiles en lin, laine et coton qu&#8217;un temps ils \u00e9taient destin\u00e9s seulement \u00e0 une forme d&#8217;artisanat domestique.<\/p>\n[\/vc_column_text][\/vc_column_inner][vc_column_inner width=&#8221;1\/3&#8243; css=&#8221;.vc_custom_1437399413350{margin-top: 10px !important;margin-bottom: 10px !important;}&#8221;][mk_image src=&#8221;https:\/\/annasegreto.com\/wp-content\/uploads\/2014\/01\/Prodotti-camera-da-letto-ricamati.jpg&#8221; image_width=&#8221;350&#8243; image_height=&#8221;250&#8243; frame_style=&#8221;single_line&#8221; link=&#8221;https:\/\/annasegreto.com\/portfolio-posts\/per-la-camera-letto\/&#8221; title=&#8221;POUR LA CHAMBRE&#8221; margin_bottom=&#8221;0&#8243;][\/vc_column_inner][vc_column_inner width=&#8221;1\/3&#8243; css=&#8221;.vc_custom_1437399447846{margin-top: 10px !important;margin-bottom: 10px !important;}&#8221;][mk_image src=&#8221;https:\/\/annasegreto.com\/wp-content\/uploads\/2014\/01\/Prodotti-in-ceramica-sardi.jpg&#8221; image_width=&#8221;350&#8243; image_height=&#8221;250&#8243; frame_style=&#8221;single_line&#8221; link=&#8221;https:\/\/annasegreto.com\/portfolio-posts\/per-la-cucina\/&#8221; title=&#8221;POUR LA CUISINE&#8221; margin_bottom=&#8221;0&#8243;][\/vc_column_inner][\/vc_row_inner][vc_empty_space][vc_row_inner][vc_column_inner width=&#8221;2\/3&#8243;][mk_image src=&#8221;https:\/\/annasegreto.com\/wp-content\/uploads\/2014\/02\/Art-10-tappeto-in-lana-panna-con-disegno-pavoncella-nera-naturale.jpg&#8221; image_width=&#8221;760&#8243; image_height=&#8221;250&#8243; frame_style=&#8221;single_line&#8221; link=&#8221;https:\/\/annasegreto.com\/portfolio-posts\/arredo-accessori\/&#8221; title=&#8221;MEUBLES ET ACCESSOIRES&#8221; margin_bottom=&#8221;0&#8243;][vc_empty_space height=&#8221;10px&#8221;][vc_column_text el_class=&#8221;paddingright&#8221; font_family=&#8221;none&#8221; text_size=&#8221;14&#8243; width=&#8221;2\/3&#8243; el_position=&#8221;first&#8221;]Aujourd&#8217;hui le laboratoire d&#8217;Anna Segreto s&#8217;ins\u00e8re parfaitement dans un monde \u00e9conomique actuel mais toujours li\u00e9 \u00e0 la tradition, en effet les m\u00e9tiers \u00e0 tisser qui se trouvent dans le laboratoire sont exclusivement au battement manuel \u00e0 la garantie de la qualit\u00e9 artisanale et productive.<\/p>\n<div class=\"mk-button-align left\"><a class=\"mk-button mk-shortcode medium teal bottone\" style=\"background-color: #c87129; size: 14px; color: #ffffff;\" href=\"https:\/\/annasegreto.com\/fr\/anna-segreto-artigianato-tessile-sardo\/\">Notre histoire<\/a><\/div>\n[\/vc_column_text][vc_empty_space height=&#8221;10px&#8221;][\/vc_column_inner][vc_column_inner width=&#8221;1\/3&#8243;][mk_image src=&#8221;https:\/\/annasegreto.com\/wp-content\/uploads\/2014\/01\/Set-da-bagno-artigianato-tessile-sardo.jpg&#8221; image_width=&#8221;350&#8243; image_height=&#8221;300&#8243; frame_style=&#8221;single_line&#8221; link=&#8221;https:\/\/annasegreto.com\/portfolio-posts\/per-il-bagno\/&#8221; title=&#8221;POUR LA SALLE DE BAIN&#8221; margin_bottom=&#8221;0&#8243;][\/vc_column_inner][\/vc_row_inner][vc_empty_space height=&#8221;20px&#8221;][\/vc_column][\/vc_row][vc_row][vc_column][vc_column_text][\/vc_column_text][\/vc_column][\/vc_row]","protected":false},"excerpt":{"rendered":"<p>[vc_row][vc_column][vc_column_text][\/vc_column_text][\/vc_column][\/vc_row][vc_row visibility=&#8221;hidden-sm&#8221;][vc_column css=&#8221;.vc_custom_1437469871648{padding-right: 10px !important;padding-bottom: 10px !important;padding-left: 10px !important;}&#8221;][vc_column_text][\/vc_column_text][\/vc_column][\/vc_row][vc_row][vc_column css=&#8221;.vc_custom_1437463926606{padding-left: 10px !important;}&#8221;][vc_empty_space height=&#8221;10px&#8221;][mk_fancy_title style=&#8221;simple&#8221; color=&#8221;#552b00&#8243; size=&#8221;27&#8243; margin_bottom=&#8221;20&#8243; font_family=&#8221;Alegreya&#8221; font_type=&#8221;google&#8221; align=&#8221;center&#8221; el_class=&#8221;descriz nocap &#8221; width=&#8221;1\/1&#8243; el_position=&#8221;first last&#8221;] La production d&#8217;Anna Segreto s&#8217;inspire au pass\u00e9 avec le but de sauvegarder et valoriser un art si ancien et appr\u00e9ci\u00e9 soit en Italie qu&#8217;\u00e0 l&#8217;\u00e9tranger. Nous projetons et nous [&hellip;]<\/p>\n","protected":false},"author":1,"featured_media":0,"parent":0,"menu_order":9,"comment_status":"closed","ping_status":"closed","template":"","meta":[],"yoast_head":"<!-- This site is optimized with the Yoast SEO plugin v16.8 - https:\/\/yoast.com\/wordpress\/plugins\/seo\/ -->\n<title>Anna Segreto Prodotti Artigianali Tessili sardi<\/title>\n<meta name=\"description\" content=\"Tappeti, arazzi, coordinati tessili, ceramica sarda e complementi d&#039;arredo.\" \/>\n<meta name=\"robots\" content=\"index, follow, max-snippet:-1, max-image-preview:large, max-video-preview:-1\" \/>\n<link rel=\"canonical\" href=\"https:\/\/annasegreto.com\/it\/\" \/>\n<meta property=\"og:locale\" content=\"fr_FR\" \/>\n<meta property=\"og:type\" content=\"article\" \/>\n<meta property=\"og:title\" content=\"Anna Segreto Prodotti Artigianali Tessili sardi\" \/>\n<meta property=\"og:description\" content=\"Tappeti, arazzi, coordinati tessili, ceramica sarda e complementi d&#039;arredo.\" \/>\n<meta property=\"og:url\" content=\"https:\/\/annasegreto.com\/it\/\" \/>\n<meta property=\"og:site_name\" content=\"Annasegreto\" \/>\n<meta property=\"article:modified_time\" content=\"2019-06-12T08:46:58+00:00\" \/>\n<meta name=\"twitter:label1\" content=\"Dur\u00e9e de lecture est.\" \/>\n\t<meta name=\"twitter:data1\" content=\"10 minutes\" \/>\n<script type=\"application\/ld+json\" class=\"yoast-schema-graph\">{\"@context\":\"https:\/\/schema.org\",\"@graph\":[{\"@type\":\"WebSite\",\"@id\":\"https:\/\/annasegreto.com\/it\/#website\",\"url\":\"https:\/\/annasegreto.com\/it\/\",\"name\":\"Annasegreto\",\"description\":\"artiginato tessile sardo\",\"potentialAction\":[{\"@type\":\"SearchAction\",\"target\":{\"@type\":\"EntryPoint\",\"urlTemplate\":\"https:\/\/annasegreto.com\/it\/?s={search_term_string}\"},\"query-input\":\"required name=search_term_string\"}],\"inLanguage\":\"fr-FR\"},{\"@type\":\"WebPage\",\"@id\":\"https:\/\/annasegreto.com\/it\/#webpage\",\"url\":\"https:\/\/annasegreto.com\/it\/\",\"name\":\"Anna Segreto Prodotti Artigianali Tessili sardi\",\"isPartOf\":{\"@id\":\"https:\/\/annasegreto.com\/it\/#website\"},\"datePublished\":\"2013-07-30T15:11:40+00:00\",\"dateModified\":\"2019-06-12T08:46:58+00:00\",\"description\":\"Tappeti, arazzi, coordinati tessili, ceramica sarda e complementi d'arredo.\",\"breadcrumb\":{\"@id\":\"https:\/\/annasegreto.com\/it\/#breadcrumb\"},\"inLanguage\":\"fr-FR\",\"potentialAction\":[{\"@type\":\"ReadAction\",\"target\":[\"https:\/\/annasegreto.com\/it\/\"]}]},{\"@type\":\"BreadcrumbList\",\"@id\":\"https:\/\/annasegreto.com\/it\/#breadcrumb\",\"itemListElement\":[{\"@type\":\"ListItem\",\"position\":1,\"name\":\"Home\",\"item\":\"https:\/\/annasegreto.com\/it\/\"},{\"@type\":\"ListItem\",\"position\":2,\"name\":\"Homepage\"}]}]}<\/script>\n<!-- \/ Yoast SEO plugin. -->","yoast_head_json":{"title":"Anna Segreto Prodotti Artigianali Tessili sardi","description":"Tappeti, arazzi, coordinati tessili, ceramica sarda e complementi d'arredo.","robots":{"index":"index","follow":"follow","max-snippet":"max-snippet:-1","max-image-preview":"max-image-preview:large","max-video-preview":"max-video-preview:-1"},"canonical":"https:\/\/annasegreto.com\/it\/","og_locale":"fr_FR","og_type":"article","og_title":"Anna Segreto Prodotti Artigianali Tessili sardi","og_description":"Tappeti, arazzi, coordinati tessili, ceramica sarda e complementi d'arredo.","og_url":"https:\/\/annasegreto.com\/it\/","og_site_name":"Annasegreto","article_modified_time":"2019-06-12T08:46:58+00:00","twitter_misc":{"Dur\u00e9e de lecture est.":"10 minutes"},"schema":{"@context":"https:\/\/schema.org","@graph":[{"@type":"WebSite","@id":"https:\/\/annasegreto.com\/it\/#website","url":"https:\/\/annasegreto.com\/it\/","name":"Annasegreto","description":"artiginato tessile sardo","potentialAction":[{"@type":"SearchAction","target":{"@type":"EntryPoint","urlTemplate":"https:\/\/annasegreto.com\/it\/?s={search_term_string}"},"query-input":"required name=search_term_string"}],"inLanguage":"fr-FR"},{"@type":"WebPage","@id":"https:\/\/annasegreto.com\/it\/#webpage","url":"https:\/\/annasegreto.com\/it\/","name":"Anna Segreto Prodotti Artigianali Tessili sardi","isPartOf":{"@id":"https:\/\/annasegreto.com\/it\/#website"},"datePublished":"2013-07-30T15:11:40+00:00","dateModified":"2019-06-12T08:46:58+00:00","description":"Tappeti, arazzi, coordinati tessili, ceramica sarda e complementi d'arredo.","breadcrumb":{"@id":"https:\/\/annasegreto.com\/it\/#breadcrumb"},"inLanguage":"fr-FR","potentialAction":[{"@type":"ReadAction","target":["https:\/\/annasegreto.com\/it\/"]}]},{"@type":"BreadcrumbList","@id":"https:\/\/annasegreto.com\/it\/#breadcrumb","itemListElement":[{"@type":"ListItem","position":1,"name":"Home","item":"https:\/\/annasegreto.com\/it\/"},{"@type":"ListItem","position":2,"name":"Homepage"}]}]}},"_links":{"self":[{"href":"https:\/\/annasegreto.com\/fr\/wp-json\/wp\/v2\/pages\/16"}],"collection":[{"href":"https:\/\/annasegreto.com\/fr\/wp-json\/wp\/v2\/pages"}],"about":[{"href":"https:\/\/annasegreto.com\/fr\/wp-json\/wp\/v2\/types\/page"}],"author":[{"embeddable":true,"href":"https:\/\/annasegreto.com\/fr\/wp-json\/wp\/v2\/users\/1"}],"replies":[{"embeddable":true,"href":"https:\/\/annasegreto.com\/fr\/wp-json\/wp\/v2\/comments?post=16"}],"version-history":[{"count":309,"href":"https:\/\/annasegreto.com\/fr\/wp-json\/wp\/v2\/pages\/16\/revisions"}],"predecessor-version":[{"id":2704,"href":"https:\/\/annasegreto.com\/fr\/wp-json\/wp\/v2\/pages\/16\/revisions\/2704"}],"wp:attachment":[{"href":"https:\/\/annasegreto.com\/fr\/wp-json\/wp\/v2\/media?parent=16"}],"curies":[{"name":"wp","href":"https:\/\/api.w.org\/{rel}","templated":true}]}}